{"id":368,"date":"2020-05-29T09:10:52","date_gmt":"2020-05-29T09:10:52","guid":{"rendered":"http:\/\/test.tesiocs.com\/?page_id=368"},"modified":"2020-07-06T09:33:16","modified_gmt":"2020-07-06T09:33:16","slug":"telema-group","status":"publish","type":"page","link":"https:\/\/www.tesiocs.com\/it\/telema-group\/","title":{"rendered":"Telema group"},"content":{"rendered":"<section class=\"l-section wpb_row us_custom_ef169ef4 height_small\"><div class=\"l-section-h i-cf\"><div class=\"g-cols vc_row type_default valign_bottom\"><div class=\"vc_col-sm-12 wpb_column vc_column_container\"><div class=\"vc_column-inner\"><div class=\"wpb_wrapper\">[vc_custom_heading text=&#8221;TELEMA GROUP&#8221; font_container=&#8221;tag:h1|text_align:left&#8221; use_theme_fonts=&#8221;yes&#8221; css=&#8221;%7B%22default%22%3A%7B%22color%22%3A%22%23ffffff%22%2C%22font-family%22%3A%22Oswald%22%2C%22font-weight%22%3A%22700%22%2C%22font-size%22%3A%2230px%22%2C%22letter-spacing%22%3A%221px%22%7D%7D&#8221;]<\/div><\/div><\/div><\/div><\/div><\/section><section class=\"l-section wpb_row height_medium with_overlay\"><div class=\"l-section-overlay\" style=\"background: linear-gradient(170deg,#ffffff,rgba(255,255,255,0.0232421875))\"><\/div><div class=\"l-section-h i-cf\"><div class=\"g-cols vc_row type_default valign_top\"><div class=\"vc_col-sm-8 wpb_column vc_column_container\"><div class=\"vc_column-inner\"><div class=\"wpb_wrapper\">[vc_custom_heading text=&#8221;Il <strong>Gruppo Telema<\/strong> \u00e8 da sempre orientato da tre specifici drivers quali <strong>Tecnologia, Innovazione &amp; Performance<\/strong>, che ne hanno distinto l\u2019azione.&#8221; font_container=&#8221;tag:h1|text_align:center&#8221; use_theme_fonts=&#8221;yes&#8221; css=&#8221;%7B%22default%22%3A%7B%22color%22%3A%22%23333333%22%2C%22text-align%22%3A%22left%22%2C%22font-weight%22%3A%22400%22%2C%22font-size%22%3A%2216px%22%2C%22line-height%22%3A%2225px%22%7D%7D&#8221;]<div class=\"wpb_text_column\"><div class=\"wpb_wrapper\"><p>Una solida <strong>reputazione<\/strong> fondata sulla massima <strong>affidabilit\u00e0 e qualit\u00e0 della gamma prodotti<\/strong> \u00e8 giornalmente attestata dai clienti che vedono nel Gruppo Telema un\u2019importante partner per affrontare le continue sfide sul mercato globale.<\/p>\n<p>Il Gruppo Telema \u00e8 nella lista dei \u201c<strong>migliori fornitori<\/strong>\u201d dei pi\u00f9 significativi ed importanti costruttori mondiali di <strong>veicoli ferroviari, dai tram alle metropolitane, dai treni ad alta frequentazione ai treni ad alta velocit\u00e0<\/strong>.<\/p>\n<p>La realt\u00e0 del <strong>Gruppo Telema<\/strong> pu\u00f2 supportare i progetti in tutto il mondo grazie ad una miriade di societ\u00e0 partner localizzate in <strong>Europa, Nord America, Cina, India, Estremo Oriente, Australia, Sud Africa e Russia<\/strong>. Il gruppo vanta migliaia dipendenti ed un fatturato di oltre 200 milioni di euro, in continua crescita.<\/p>\n<p>Da oltre 40 anni il gruppo dedica tutte le sue le risorse, capitale umano, investimenti finanziari, ricerca &amp; sviluppo al miglioramento tecnologico di prodotto ed alla crescita del gruppo.<\/p>\n<\/div><\/div><\/div><\/div><\/div><div class=\"vc_col-sm-4 wpb_column vc_column_container\"><div class=\"vc_column-inner\"><div class=\"wpb_wrapper\"><div class=\"w-image align_center\"><div class=\"w-image-h\"><img loading=\"lazy\" decoding=\"async\" width=\"576\" height=\"800\" src=\"https:\/\/www.tesiocs.com\/wp-content\/uploads\/2020\/05\/Telema-group-tesio-cs-01.jpg\" class=\"attachment-large size-large\" alt=\"\" srcset=\"https:\/\/www.tesiocs.com\/wp-content\/uploads\/2020\/05\/Telema-group-tesio-cs-01.jpg 576w, https:\/\/www.tesiocs.com\/wp-content\/uploads\/2020\/05\/Telema-group-tesio-cs-01-216x300.jpg 216w\" sizes=\"auto, (max-width: 576px) 100vw, 576px\" \/><\/div><\/div><\/div><\/div><\/div><\/div><\/div><\/section><section class=\"l-section wpb_row us_custom_0d15be52 height_medium with_shape\"><div class=\"l-section-shape type_triangle pos_bottom\" style=\"height:70px;\"><svg xmlns=\"http:\/\/www.w3.org\/2000\/svg\" viewBox=\"0 0 64 8\" preserveAspectRatio=\"none\" width=\"100%\" height=\"100%\">\r\n\t<path fill=\"currentColor\" d=\"M64 8 L0 8 L0 0 L32 7.9 L64 0 Z\"\/>\r\n<\/svg><\/div><div class=\"l-section-h i-cf\"><div class=\"g-cols vc_row type_default valign_top\"><div class=\"vc_col-sm-12 wpb_column vc_column_container\"><div class=\"vc_column-inner\"><div class=\"wpb_wrapper\"><div class=\"wpb_text_column us_custom_e3050a5e\"><div class=\"wpb_wrapper\"><h6 style=\"text-align: center;\">La forte crescita \u00e8 stata ottenuta grazie ad una diversificazione del portfolio aziende appartenenti al Gruppo Telema, ed alla creazione di specifiche business units dedicate a:<\/h6>\n<\/div><\/div><div class=\"w-separator size_small\"><\/div><div class=\"wpb_text_column\"><div class=\"wpb_wrapper\"><h4 style=\"text-align: center;\"><strong>HANDLING THE CURRENT<\/strong><\/h4>\n<\/div><\/div><div class=\"w-separator size_small\"><\/div><div class=\"smile_icon_list_wrap ult_info_list_container ult-adjust-bottom-margin  \"><ul class=\"smile_icon_list top square with_bg\"><li class=\"icon_list_item\" style=\" font-size:45px;\"><div class=\"icon_list_icon\" data-animation=\"fadeInUp\" data-animation-delay=\"03\" style=\"font-size:15px;border-width:0px;border-style:solid;background:#ffffff;color:#c91b24;border-color:#333333;\"><i class=\"Defaults-angle-down\" ><\/i><\/div><div class=\"icon_description\" id=\"Info-list-wrap-5484\" style=\"font-size:15px;\"><div class=\"icon_description_text ult-responsive\"  data-ultimate-target='#Info-list-wrap-5484 .icon_description_text'  data-responsive-json-new='{\"font-size\":\"desktop:20px;\",\"line-height\":\"desktop:18px;\"}'  style=\"\"><p>Resistenze per applicazioni ferroviarie ed industriali<\/p>\n<\/div><\/div><div class=\"icon_list_connector\" data-animation=\"fadeInLeft\" data-animation-delay=\"03\" style=\"border: none !important;\"><\/div><\/li><li class=\"icon_list_item\" style=\" font-size:45px;\"><div class=\"icon_list_icon\" data-animation=\"fadeInUp\" data-animation-delay=\"03\" style=\"font-size:15px;border-width:0px;border-style:solid;background:#ffffff;color:#c91b24;border-color:#333333;\"><i class=\"Defaults-angle-down\" ><\/i><\/div><div class=\"icon_description\" id=\"Info-list-wrap-2998\" style=\"font-size:15px;\"><div class=\"icon_description_text ult-responsive\"  data-ultimate-target='#Info-list-wrap-2998 .icon_description_text'  data-responsive-json-new='{\"font-size\":\"desktop:20px;\",\"line-height\":\"desktop:18px;\"}'  style=\"\"><p>Contattori<\/p>\n<\/div><\/div><div class=\"icon_list_connector\" data-animation=\"fadeInLeft\" data-animation-delay=\"03\" style=\"border: none !important;\"><\/div><\/li><li class=\"icon_list_item\" style=\" font-size:45px;\"><div class=\"icon_list_icon\" data-animation=\"fadeInUp\" data-animation-delay=\"03\" style=\"font-size:15px;border-width:0px;border-style:solid;background:#ffffff;color:#c91b24;border-color:#333333;\"><i class=\"Defaults-angle-down\" ><\/i><\/div><div class=\"icon_description\" id=\"Info-list-wrap-6150\" style=\"font-size:15px;\"><div class=\"icon_description_text ult-responsive\"  data-ultimate-target='#Info-list-wrap-6150 .icon_description_text'  data-responsive-json-new='{\"font-size\":\"desktop:20px;\",\"line-height\":\"desktop:18px;\"}'  style=\"\"><p>Sezionatori<\/p>\n<\/div><\/div><div class=\"icon_list_connector\" data-animation=\"fadeInLeft\" data-animation-delay=\"03\" style=\"border: none !important;\"><\/div><\/li><li class=\"icon_list_item\" style=\" font-size:45px;\"><div class=\"icon_list_icon\" data-animation=\"fadeInUp\" data-animation-delay=\"03\" style=\"font-size:15px;border-width:0px;border-style:solid;background:#ffffff;color:#c91b24;border-color:#333333;\"><i class=\"Defaults-angle-down\" ><\/i><\/div><div class=\"icon_description\" id=\"Info-list-wrap-2517\" style=\"font-size:15px;\"><div class=\"icon_description_text ult-responsive\"  data-ultimate-target='#Info-list-wrap-2517 .icon_description_text'  data-responsive-json-new='{\"font-size\":\"desktop:20px;\",\"line-height\":\"desktop:18px;\"}'  style=\"\"><p>Rel\u00e8 di protezione<\/p>\n<\/div><\/div><div class=\"icon_list_connector\" data-animation=\"fadeInLeft\" data-animation-delay=\"03\" style=\"border: none !important;\"><\/div><\/li><li class=\"icon_list_item\" style=\" font-size:45px;\"><div class=\"icon_list_icon\" data-animation=\"fadeInUp\" data-animation-delay=\"03\" style=\"font-size:15px;border-width:0px;border-style:solid;background:#ffffff;color:#c91b24;border-color:#333333;\"><i class=\"Defaults-angle-down\" ><\/i><\/div><div class=\"icon_description\" id=\"Info-list-wrap-2980\" style=\"font-size:15px;\"><div class=\"icon_description_text ult-responsive\"  data-ultimate-target='#Info-list-wrap-2980 .icon_description_text'  data-responsive-json-new='{\"font-size\":\"desktop:20px;\",\"line-height\":\"desktop:18px;\"}'  style=\"\"><p>Resistenze di carico<\/p>\n<\/div><\/div><div class=\"icon_list_connector\" data-animation=\"fadeInLeft\" data-animation-delay=\"03\" style=\"border: none !important;\"><\/div><\/li><li class=\"icon_list_item\" style=\" font-size:45px;\"><div class=\"icon_list_icon\" data-animation=\"fadeInUp\" data-animation-delay=\"03\" style=\"font-size:15px;border-width:0px;border-style:solid;background:#ffffff;color:#c91b24;border-color:#333333;\"><i class=\"Defaults-angle-down\" ><\/i><\/div><div class=\"icon_description\" id=\"Info-list-wrap-3911\" style=\"font-size:15px;\"><div class=\"icon_description_text ult-responsive\"  data-ultimate-target='#Info-list-wrap-3911 .icon_description_text'  data-responsive-json-new='{\"font-size\":\"desktop:20px;\",\"line-height\":\"desktop:18px;\"}'  style=\"\"><p>Soppressori sovratensioni<\/p>\n<\/div><\/div><div class=\"icon_list_connector\" data-animation=\"fadeInLeft\" data-animation-delay=\"03\" style=\"border: none !important;\"><\/div><\/li><li class=\"icon_list_item\" style=\" font-size:45px;\"><div class=\"icon_list_icon\" data-animation=\"fadeInUp\" data-animation-delay=\"03\" style=\"font-size:15px;border-width:0px;border-style:solid;background:#ffffff;color:#c91b24;border-color:#333333;\"><i class=\"Defaults-angle-down\" ><\/i><\/div><div class=\"icon_description\" id=\"Info-list-wrap-4749\" style=\"font-size:15px;\"><div class=\"icon_description_text ult-responsive\"  data-ultimate-target='#Info-list-wrap-4749 .icon_description_text'  data-responsive-json-new='{\"font-size\":\"desktop:20px;\",\"line-height\":\"desktop:18px;\"}'  style=\"\"><p>Ventilatori per applicazioni ferroviarie<\/p>\n<\/div><\/div><div class=\"icon_list_connector\" data-animation=\"fadeInLeft\" data-animation-delay=\"03\" style=\"border: none !important;\"><\/div><\/li><\/ul><\/div><div class=\"w-separator size_small\"><\/div><\/div><\/div><\/div><\/div><\/div><\/section><section class=\"l-section wpb_row height_small\"><div class=\"l-section-h i-cf\"><div class=\"g-cols vc_row type_default valign_top gap-15px\"><style>.g-cols.gap-15px{margin:0 calc(-1.5rem - 15px)}.gap-15px > .vc_column_container {padding:15px}<\/style><div class=\"vc_col-sm-12 wpb_column vc_column_container\"><div class=\"vc_column-inner\"><div class=\"wpb_wrapper\"><div class=\"wpb_text_column us_custom_1f257949\"><div class=\"wpb_wrapper\"><p>I principali <strong>punti di forza<\/strong> del <strong>Gruppo Telema<\/strong> sono:<\/p>\n<ul>\n<li><strong>Focus su Innovazione, Velocit\u00e0 ed Adattabilit\u00e0<\/strong> con spiccato orientamento alle esigenze del cliente;<\/li>\n<li><strong>Flessibilit\u00e0, Ricerca &amp; Sviluppo<\/strong> mirati a ricercare soluzioni ottimali ed altamente customizzate;<\/li>\n<li><strong>Approccio imprenditoriale<\/strong>, appassionato ad affrontare nuove sfide con dedizione e determinazione;<\/li>\n<li><strong>Controllo di tutti i processi interni<\/strong>, con metriche ed analisi delle performance.<\/li>\n<\/ul>\n<\/div><\/div><\/div><\/div><\/div><\/div><\/div><\/section><section class=\"l-section wpb_row us_custom_9f2c33a0 height_medium\"><div class=\"l-section-h i-cf\"><div class=\"g-cols vc_row type_default valign_top\"><div class=\"vc_col-sm-12 wpb_column vc_column_container\"><div class=\"vc_column-inner\"><div class=\"wpb_wrapper\"><div class=\"wpb_text_column us_custom_84fbed71 has_text_color\"><div class=\"wpb_wrapper\"><h6 style=\"text-align: center;\"><strong>Gruppo Telema, Tecnologia, Innovazione &amp; Performance al servizio del mercato globale.<\/strong><\/h6>\n<\/div><\/div><\/div><\/div><\/div><\/div><\/div><\/section><section class=\"l-section wpb_row height_medium\"><div class=\"l-section-h i-cf\"><div class=\"g-cols vc_row type_default valign_top gap-15px\"><style>.g-cols.gap-15px{margin:0 calc(-1.5rem - 15px)}.gap-15px > .vc_column_container {padding:15px}<\/style><div class=\"vc_col-sm-12 wpb_column vc_column_container\"><div class=\"vc_column-inner\"><div class=\"wpb_wrapper\"><div class=\"wpb_text_column\"><div class=\"wpb_wrapper\"><h4 style=\"text-align: center;\"><strong>CONTATTI<\/strong><\/h4>\n<\/div><\/div><\/div><\/div><\/div><div class=\"vc_col-sm-6 wpb_column vc_column_container has-fill\"><div class=\"vc_column-inner us_custom_0d15be52 \"><div class=\"wpb_wrapper\"><div class=\"wpb_text_column\"><div class=\"wpb_wrapper\"><h5 style=\"text-align: center;\">Telema SpA<br \/>\n<strong>Direzione e Uffici Commerciali<\/strong><\/h5>\n<\/div><\/div><div class=\"w-separator size_small with_line width_50 thick_1 style_solid color_primary align_center with_content\"><div class=\"w-separator-h\"><i class=\"fas fa-angle-down\"><\/i><\/div><\/div><div class=\"w-contacts\"><div class=\"w-contacts-list\"><div class=\"w-contacts-item for_address\"><span class=\"w-contacts-item-value\">Via Carlo D\u2019Adda, 9\/A \u2013 20143 Milano (MI) \u2013 Italy<\/span><\/div><div class=\"w-contacts-item for_phone\"><span class=\"w-contacts-item-value\">+39 02 83382.1<\/span><\/div><div class=\"w-contacts-item for_fax\"><span class=\"w-contacts-item-value\">+39 02 83382.206<\/span><\/div><div class=\"w-contacts-item for_email\"><span class=\"w-contacts-item-value\"><a href=\"mailto:info@telemait.com\">info@telemait.com<\/a><\/span><\/div><\/div><\/div><\/div><\/div><\/div><div class=\"vc_col-sm-6 wpb_column vc_column_container has-fill\"><div class=\"vc_column-inner us_custom_0d15be52 \"><div class=\"wpb_wrapper\"><div class=\"wpb_text_column\"><div class=\"wpb_wrapper\"><h5 style=\"text-align: center;\">Telema SpA<br \/>\n<strong>Stabilimento<\/strong><\/h5>\n<\/div><\/div><div class=\"w-separator size_small with_line width_50 thick_1 style_solid color_primary align_center with_content\"><div class=\"w-separator-h\"><i class=\"fas fa-angle-down\"><\/i><\/div><\/div><div class=\"w-contacts\"><div class=\"w-contacts-list\"><div class=\"w-contacts-item for_address\"><span class=\"w-contacts-item-value\">Via Salvoni 60 \u2013 Frazione Quarto, 29122 Piacenza (PC) \u2013 Italy<\/span><\/div><div class=\"w-contacts-item for_phone\"><span class=\"w-contacts-item-value\">+39 0523 557226<\/span><\/div><div class=\"w-contacts-item for_fax\"><span class=\"w-contacts-item-value\">+39 0523 557386<\/span><\/div><\/div><\/div><\/div><\/div><\/div><\/div><\/div><\/section><section class=\"l-section wpb_row height_auto\"><div class=\"l-section-h i-cf\"><div class=\"g-cols vc_row type_default valign_top\"><div class=\"vc_col-sm-12 wpb_column vc_column_container\"><div class=\"vc_column-inner\"><div class=\"wpb_wrapper\"><div class=\"w-btn-wrapper width_auto align_center\"><a class=\"w-btn us-btn-style_1\" href=\"https:\/\/www.telemait.com\/\" target=\"_blank\" rel=\"noopener\"><span class=\"w-btn-label\">Visita il sito di Telema<\/span><\/a><\/div><\/div><\/div><\/div><\/div><\/div><\/section>\n","protected":false},"excerpt":{"rendered":"[vc_custom_heading text=\"TELEMA GROUP\" font_container=\"tag:h1|text_align:left\" use_theme_fonts=\"yes\" css=\"%7B%22default%22%3A%7B%22color%22%3A%22%23ffffff%22%2C%22font-family%22%3A%22Oswald%22%2C%22font-weight%22%3A%22700%22%2C%22font-size%22%3A%2230px%22%2C%22letter-spacing%22%3A%221px%22%7D%7D\"][vc_custom_heading text=\"Il Gruppo Telema \u00e8 da sempre orientato da tre specifici drivers quali Tecnologia, Innovazione &amp; Performance, che ne hanno distinto l\u2019azione.\" font_container=\"tag:h1|text_align:center\" use_theme_fonts=\"yes\" css=\"%7B%22default%22%3A%7B%22color%22%3A%22%23333333%22%2C%22text-align%22%3A%22left%22%2C%22font-weight%22%3A%22400%22%2C%22font-size%22%3A%2216px%22%2C%22line-height%22%3A%2225px%22%7D%7D\"]Una solida reputazione fondata sulla massima affidabilit\u00e0 e qualit\u00e0 della gamma prodotti \u00e8 giornalmente attestata dai clienti che vedono nel Gruppo Telema un\u2019importante partner per affrontare...","protected":false},"author":1,"featured_media":0,"parent":0,"menu_order":0,"comment_status":"closed","ping_status":"closed","template":"","meta":{"footnotes":""},"class_list":["post-368","page","type-page","status-publish","hentry"],"_links":{"self":[{"href":"https:\/\/www.tesiocs.com\/it\/wp-json\/wp\/v2\/pages\/368","targetHints":{"allow":["GET"]}}],"collection":[{"href":"https:\/\/www.tesiocs.com\/it\/wp-json\/wp\/v2\/pages"}],"about":[{"href":"https:\/\/www.tesiocs.com\/it\/wp-json\/wp\/v2\/types\/page"}],"author":[{"embeddable":true,"href":"https:\/\/www.tesiocs.com\/it\/wp-json\/wp\/v2\/users\/1"}],"replies":[{"embeddable":true,"href":"https:\/\/www.tesiocs.com\/it\/wp-json\/wp\/v2\/comments?post=368"}],"version-history":[{"count":19,"href":"https:\/\/www.tesiocs.com\/it\/wp-json\/wp\/v2\/pages\/368\/revisions"}],"predecessor-version":[{"id":828,"href":"https:\/\/www.tesiocs.com\/it\/wp-json\/wp\/v2\/pages\/368\/revisions\/828"}],"wp:attachment":[{"href":"https:\/\/www.tesiocs.com\/it\/wp-json\/wp\/v2\/media?parent=368"}],"curies":[{"name":"wp","href":"https:\/\/api.w.org\/{rel}","templated":true}]}}